{"id":165,"date":"2016-01-23T09:34:31","date_gmt":"2016-01-23T09:34:31","guid":{"rendered":"http:\/\/themes.webinane.com\/wp\/crazy-blog\/?page_id=165"},"modified":"2018-12-11T17:03:32","modified_gmt":"2018-12-11T19:03:32","slug":"blog-2","status":"publish","type":"page","link":"https:\/\/www.vcreditos.com\/blog\/","title":{"rendered":"Home"},"content":{"rendered":"<p>[vc_section el_class=&#8221;vc_hidden-lg vc_hidden-md vc_hidden-sm&#8221; el_id=&#8221;banner-320-50-top&#8221;][vc_row][vc_column][vc_raw_js]JTNDc2NyaXB0JTIwdHlwZSUzRCUyMnRleHQlMkZqYXZhc2NyaXB0JTIyJTNFZXBsQUQ0TSUyOCUyMkJhbm5lcl9WQ3JlZGl0b3NfMzIweDUwX2J0ZiUyMiUyOSUzQiUzQyUyRnNjcmlwdCUzRQ==[\/vc_raw_js][\/vc_column][\/vc_row][\/vc_section][vc_row miscellaneous=&#8221;true&#8221; container=&#8221;on&#8221;][vc_column width=&#8221;2\/3&#8243; el_class=&#8221;post-list-home&#8221;]\t\t<div class=\"row\">\n\t\t\t<div class=\"texty-style\">\n\t\t\t\t<div class=\"col-md-12\">\n    <a class=\"texty-post\" href=\"https:\/\/www.vcreditos.com\/blog\/2024\/09\/12\/palpites-para-o-ufc-306-na-stake\/\" title=\"Palpites para o UFC 306 na Stake\">\n\t\t<div class=\"texty-post-img\">\n\t\t\t<div class=\"post-thumb\">\n\t\t\t\t<img width=\"770\" height=\"400\" src=\"https:\/\/www.vcreditos.com\/blog\/wp-content\/uploads\/2024\/09\/ufc-306-apostas-na-stake.png\" class=\"attachment-crazyblog_1170x590 size-crazyblog_1170x590 wp-post-image\" alt=\"ufc-306-apostas-na-stake\" loading=\"lazy\" srcset=\"https:\/\/www.vcreditos.com\/blog\/wp-content\/uploads\/2024\/09\/ufc-306-apostas-na-stake.png 770w, https:\/\/www.vcreditos.com\/blog\/wp-content\/uploads\/2024\/09\/ufc-306-apostas-na-stake-300x156.png 300w, https:\/\/www.vcreditos.com\/blog\/wp-content\/uploads\/2024\/09\/ufc-306-apostas-na-stake-768x399.png 768w\" sizes=\"(max-width: 770px) 100vw, 770px\" \/>            <\/div>\n        <\/div>\n        <div class=\"texty-post-detail\">\n            <h2>Palpites para o UFC 306 na Stake<\/h2>\n\n            <ul class=\"meta\">\n                <li>12 set 2024<\/li>\n                <li>Franco Di Pasqua<\/li>\n            <\/ul>\n\n\t\t\t\t\t\t\t<p>O Stake \u00e9 o melhor lugar para acompanhar e apostar em todas as emo\u00e7\u00f5es do UFC. Como patrocinadores<\/p>\n\t\t\t\n            <span class=\"texty-post-button\">LEIA MAIS<\/span>\n        <\/div>\n    <\/a><!-- Texty Post -->\n<\/div>\t\t\t\t\t\t<div class=\"col-md-12\">\n\t\t\t\t\t\t\t<a href=\"https:\/\/www.vcreditos.com\/home\/cadastro\/\" class=\"custom-register-block register-content\">\n\t\t\t\t\t\t\t\t<span>Crie a sua carteira VCreditos gratuitamente<\/span>\n\t\t\t\t\t\t\t\t<span class=\"btn\">CADASTRE-SE<\/span>\n\t\t\t\t\t\t\t<\/a>\n\t\t\t\t\t\t<\/div>\n\t\t\t\t\t<div class=\"col-md-6\">\n    <a class=\"texty-post\" href=\"https:\/\/www.vcreditos.com\/blog\/2024\/09\/04\/brasil-x-equador-palpites-odds-onde-assistir-ao-vivo-escalacoes-e-horario\/\" title=\"Brasil x Equador: palpites, odds, onde assistir ao vivo, escala\u00e7\u00f5es e hor\u00e1rio\">\n\t\t<div class=\"texty-post-img\">\n\t\t\t<div class=\"post-thumb\">\n\t\t\t\t<img width=\"454\" height=\"344\" src=\"https:\/\/www.vcreditos.com\/blog\/wp-content\/uploads\/2024\/09\/brasil-x-equador-eliminatorias-copa-de-2026-454x344.png\" class=\"attachment-crazyblog_454x344 size-crazyblog_454x344 wp-post-image\" alt=\"brasil-x-equador-eliminatorias-copa-de-2026\" loading=\"lazy\" \/>            <\/div>\n        <\/div>\n        <div class=\"texty-post-detail\">\n            <h2>Brasil x Equador: palpites, odds, onde assistir ao vivo, escala\u00e7\u00f5es e hor\u00e1rio<\/h2>\n\n            <ul class=\"meta\">\n                <li>04 set 2024<\/li>\n                <li>Franco Di Pasqua<\/li>\n            <\/ul>\n\n\t\t\t\t\t\t\t<p>Sob press\u00e3o, a Sele\u00e7\u00e3o Brasileira receber\u00e1 o Equador nesta sexta-feira, 6, em confronto v\u00e1lido<\/p>\n\t\t\t\n            <span class=\"texty-post-button\">LEIA MAIS<\/span>\n        <\/div>\n    <\/a><!-- Texty Post -->\n<\/div>\t\t\t\t\t\t<div class=\"row hidden-lg hidden-md hidden-sm\">\n\t\t\t\t\t\t\t<div id=\"banner-320-50-middle\">\n\t\t\t\t\t\t\t\t<!--<script type=\"text\/javascript\">eplAD4M(\"Banner_VCreditos_300x250_btf\");<\/script>-->\n\t\t\t\t\t\t\t<\/div>\n\t\t\t\t\t\t<\/div>\n\t\t\t\t\t<div class=\"col-md-6\">\n    <a class=\"texty-post\" href=\"https:\/\/www.vcreditos.com\/blog\/2024\/09\/02\/como-apostar-no-gp-de-monza-2024-na-stake\/\" title=\"Como apostar no GP de Monza 2024 na Stake\">\n\t\t<div class=\"texty-post-img\">\n\t\t\t<div class=\"post-thumb\">\n\t\t\t\t<img width=\"454\" height=\"344\" src=\"https:\/\/www.vcreditos.com\/blog\/wp-content\/uploads\/2024\/09\/gp-de-monza-2024-apostas-1-454x344.png\" class=\"attachment-crazyblog_454x344 size-crazyblog_454x344 wp-post-image\" alt=\"gp-de-monza-2024-apostas\" loading=\"lazy\" \/>            <\/div>\n        <\/div>\n        <div class=\"texty-post-detail\">\n            <h2>Como apostar no GP de Monza 2024 na Stake<\/h2>\n\n            <ul class=\"meta\">\n                <li>02 set 2024<\/li>\n                <li>Diego Basso<\/li>\n            <\/ul>\n\n\t\t\t\t\t\t\t<p>Aten\u00e7\u00e3o, f\u00e3s da F\u00f3rmula 1, que a 16\u00aa prova da temporada 2024 est\u00e1 chegando! O tradicional\u00edssimo<\/p>\n\t\t\t\n            <span class=\"texty-post-button\">LEIA MAIS<\/span>\n        <\/div>\n    <\/a><!-- Texty Post -->\n<\/div><div class=\"col-md-6\">\n    <a class=\"texty-post\" href=\"https:\/\/www.vcreditos.com\/blog\/2024\/08\/23\/apostar-no-us-open-2024-na-betmotion\/\" title=\"Apostar no US Open 2024 na Betmotion\">\n\t\t<div class=\"texty-post-img\">\n\t\t\t<div class=\"post-thumb\">\n\t\t\t\t<img width=\"454\" height=\"344\" src=\"https:\/\/www.vcreditos.com\/blog\/wp-content\/uploads\/2024\/08\/Apostar-no-us-open-2024-454x344.png\" class=\"attachment-crazyblog_454x344 size-crazyblog_454x344 wp-post-image\" alt=\"bonus-betmotion-150\" loading=\"lazy\" \/>            <\/div>\n        <\/div>\n        <div class=\"texty-post-detail\">\n            <h2>Apostar no US Open 2024 na Betmotion<\/h2>\n\n            <ul class=\"meta\">\n                <li>23 ago 2024<\/li>\n                <li>vcreditos<\/li>\n            <\/ul>\n\n\t\t\t\t\t\t\t<p>Fique por dentro do US Open 2024!<\/p>\n\t\t\t\n            <span class=\"texty-post-button\">LEIA MAIS<\/span>\n        <\/div>\n    <\/a><!-- Texty Post -->\n<\/div><div class=\"col-md-6\">\n    <a class=\"texty-post\" href=\"https:\/\/www.vcreditos.com\/blog\/2024\/08\/16\/apostar-no-ufc-305-na-stake\/\" title=\"Apostar no UFC 305 na Stake\">\n\t\t<div class=\"texty-post-img\">\n\t\t\t<div class=\"post-thumb\">\n\t\t\t\t<img width=\"454\" height=\"344\" src=\"https:\/\/www.vcreditos.com\/blog\/wp-content\/uploads\/2024\/08\/apostar-no-ufc-305-454x344.png\" class=\"attachment-crazyblog_454x344 size-crazyblog_454x344 wp-post-image\" alt=\"bonus-stake-mma\" loading=\"lazy\" \/>            <\/div>\n        <\/div>\n        <div class=\"texty-post-detail\">\n            <h2>Apostar no UFC 305 na Stake<\/h2>\n\n            <ul class=\"meta\">\n                <li>16 ago 2024<\/li>\n                <li>vcreditos<\/li>\n            <\/ul>\n\n\t\t\t\t\t\t\t<p>Veja como apostar no UFC 305 na Stake!<\/p>\n\t\t\t\n            <span class=\"texty-post-button\">LEIA MAIS<\/span>\n        <\/div>\n    <\/a><!-- Texty Post -->\n<\/div><div class=\"col-md-6\">\n    <a class=\"texty-post\" href=\"https:\/\/www.vcreditos.com\/blog\/2024\/08\/12\/apostar-nas-oitavas-de-final-da-libertadores-na-marsbet\/\" title=\"Apostar nas Oitavas de Final da Libertadores na Marsbet\">\n\t\t<div class=\"texty-post-img\">\n\t\t\t<div class=\"post-thumb\">\n\t\t\t\t<img width=\"454\" height=\"344\" src=\"https:\/\/www.vcreditos.com\/blog\/wp-content\/uploads\/2024\/08\/Oitavas-de-final-libertadores-454x344.png\" class=\"attachment-crazyblog_454x344 size-crazyblog_454x344 wp-post-image\" alt=\"Apostar-na-marsbet\" loading=\"lazy\" \/>            <\/div>\n        <\/div>\n        <div class=\"texty-post-detail\">\n            <h2>Apostar nas Oitavas de Final da Libertadores na Marsbet<\/h2>\n\n            <ul class=\"meta\">\n                <li>12 ago 2024<\/li>\n                <li>vcreditos<\/li>\n            <\/ul>\n\n\t\t\t\t\t\t\t<p>Fique por dentro da Libertadores 2024!<\/p>\n\t\t\t\n            <span class=\"texty-post-button\">LEIA MAIS<\/span>\n        <\/div>\n    <\/a><!-- Texty Post -->\n<\/div><div class=\"col-md-6\">\n    <a class=\"texty-post\" href=\"https:\/\/www.vcreditos.com\/blog\/2024\/08\/02\/como-apostar-nas-olimpiadas-2024\/\" title=\"Como apostar nas Olimp\u00edadas 2024?\">\n\t\t<div class=\"texty-post-img\">\n\t\t\t<div class=\"post-thumb\">\n\t\t\t\t<img width=\"454\" height=\"344\" src=\"https:\/\/www.vcreditos.com\/blog\/wp-content\/uploads\/2024\/08\/apostar-nas-olimpiadas-2042-454x344.png\" class=\"attachment-crazyblog_454x344 size-crazyblog_454x344 wp-post-image\" alt=\"bonus-onwin-365\" loading=\"lazy\" \/>            <\/div>\n        <\/div>\n        <div class=\"texty-post-detail\">\n            <h2>Como apostar nas Olimp\u00edadas 2024?<\/h2>\n\n            <ul class=\"meta\">\n                <li>02 ago 2024<\/li>\n                <li>vcreditos<\/li>\n            <\/ul>\n\n\t\t\t\t\t\t\t<p>Fique por dentro de tudo das Olimp\u00edadas 2024!<\/p>\n\t\t\t\n            <span class=\"texty-post-button\">LEIA MAIS<\/span>\n        <\/div>\n    <\/a><!-- Texty Post -->\n<\/div><div class=\"col-md-6\">\n    <a class=\"texty-post\" href=\"https:\/\/www.vcreditos.com\/blog\/2024\/07\/25\/apostar-no-ufc-304-na-parimatch\/\" title=\"Apostar no UFC 304 na Parimatch\">\n\t\t<div class=\"texty-post-img\">\n\t\t\t<div class=\"post-thumb\">\n\t\t\t\t<img width=\"454\" height=\"344\" src=\"https:\/\/www.vcreditos.com\/blog\/wp-content\/uploads\/2024\/07\/apostar-ufc-304-parimatch-454x344.png\" class=\"attachment-crazyblog_454x344 size-crazyblog_454x344 wp-post-image\" alt=\"vcreditos-clube-v-plus\" loading=\"lazy\" \/>            <\/div>\n        <\/div>\n        <div class=\"texty-post-detail\">\n            <h2>Apostar no UFC 304 na Parimatch<\/h2>\n\n            <ul class=\"meta\">\n                <li>25 jul 2024<\/li>\n                <li>vcreditos<\/li>\n            <\/ul>\n\n\t\t\t\t\t\t\t<p>Fique por dentro de tudo sobre o UFC 304!<\/p>\n\t\t\t\n            <span class=\"texty-post-button\">LEIA MAIS<\/span>\n        <\/div>\n    <\/a><!-- Texty Post -->\n<\/div><div class=\"col-md-6\">\n    <a class=\"texty-post\" href=\"https:\/\/www.vcreditos.com\/blog\/2024\/07\/19\/apostar-nos-jogos-olimpicos-2024-na-betwarrior\/\" title=\"Apostar nos Jogos Ol\u00edmpicos 2024 na Betwarrior\">\n\t\t<div class=\"texty-post-img\">\n\t\t\t<div class=\"post-thumb\">\n\t\t\t\t<img width=\"454\" height=\"344\" src=\"https:\/\/www.vcreditos.com\/blog\/wp-content\/uploads\/2024\/07\/Jogos-olimpicos-2024-454x344.jpg\" class=\"attachment-crazyblog_454x344 size-crazyblog_454x344 wp-post-image\" alt=\"Apostar-na-betwarrior\" loading=\"lazy\" \/>            <\/div>\n        <\/div>\n        <div class=\"texty-post-detail\">\n            <h2>Apostar nos Jogos Ol\u00edmpicos 2024 na Betwarrior<\/h2>\n\n            <ul class=\"meta\">\n                <li>19 jul 2024<\/li>\n                <li>vcreditos<\/li>\n            <\/ul>\n\n\t\t\t\t\t\t\t<p>Fique po rdentro dos Jogos Ol\u00edmpicos 2024!<\/p>\n\t\t\t\n            <span class=\"texty-post-button\">LEIA MAIS<\/span>\n        <\/div>\n    <\/a><!-- Texty Post -->\n<\/div>\t\t<\/div>\n\t<\/div>\n\t<div class=\"custom-pagi\"><ul class=\"pagination\"><li><a href=\"javascript:void(0)\" class=\"prev page-numbers\">Anterior<\/a><\/li><li><span aria-current=\"page\" class=\"page-numbers current\">1<\/span><\/li><li><a class=\"page-numbers\" href=\"https:\/\/www.vcreditos.com\/blog\/wp-json\/wp\/v2\/pages\/165\/page\/2\/\">2<\/a><\/li><li><a class=\"page-numbers\" href=\"https:\/\/www.vcreditos.com\/blog\/wp-json\/wp\/v2\/pages\/165\/page\/3\/\">3<\/a><\/li><li><span class=\"page-numbers dots\">&hellip;<\/span><\/li><li><a class=\"page-numbers\" href=\"https:\/\/www.vcreditos.com\/blog\/wp-json\/wp\/v2\/pages\/165\/page\/22\/\">22<\/a><\/li><li><a class=\"page-numbers\" href=\"https:\/\/www.vcreditos.com\/blog\/wp-json\/wp\/v2\/pages\/165\/page\/23\/\">23<\/a><\/li><li><a class=\"next page-numbers\" href=\"https:\/\/www.vcreditos.com\/blog\/wp-json\/wp\/v2\/pages\/165\/page\/2\/\">Pr\u00f3ximo<\/a><\/li><\/ul><\/div>[\/vc_column][vc_column width=&#8221;1\/3&#8243;][vc_widget_sidebar sidebar_id=&#8221;primary-widget-area&#8221; el_class=&#8221;sidebar right-sidebar&#8221;][\/vc_column][\/vc_row]<\/p>\n","protected":false},"excerpt":{"rendered":"<p>[vc_section el_class=&#8221;vc_hidden-lg vc_hidden-md vc_hidden-sm&#8221; el_id=&#8221;banner-320-50-top&#8221;][vc_row][vc_column][vc_raw_js]JTNDc2NyaXB0JTIwdHlwZSUzRCUyMnRleHQlMkZqYXZhc2NyaXB0JTIyJTNFZXBsQUQ0TSUyOCUyMkJhbm5lcl9WQ3JlZGl0b3NfMzIweDUwX2J0ZiUyMiUyOSUzQiUzQyUyRnNjcmlwdCUzRQ==[\/vc_raw_js][\/vc_column][\/vc_row][\/vc_section][vc_row miscellaneous=&#8221;true&#8221; container=&#8221;on&#8221;][vc_column width=&#8221;2\/3&#8243; el_class=&#8221;post-list-home&#8221;][\/vc_column][vc_column width=&#8221;1\/3&#8243;][vc_widget_sidebar sidebar_id=&#8221;primary-widget-area&#8221; el_class=&#8221;sidebar right-sidebar&#8221;][\/vc_column][\/vc_row]<\/p>\n","protected":false},"author":1,"featured_media":0,"parent":0,"menu_order":0,"comment_status":"closed","ping_status":"closed","template":"tpl_visual_composer.php","meta":[],"yoast_head":"<!-- This site is optimized with the Yoast SEO plugin v18.5.1 - https:\/\/yoast.com\/wordpress\/plugins\/seo\/ -->\n<title>Noticias de apostas esportivas e cassinos online | Blog | VCreditos.com<\/title>\n<meta name=\"description\" content=\"Conhe\u00e7a as novidades do mundo das apostas esportivas e cassinos online no Brasil. Not\u00edcias da legaliza\u00e7\u00e3o dos jogos no Brasil. VCreditos a carteira virtual brasileira.\" \/>\n<meta name=\"robots\" content=\"index, follow, max-snippet:-1, max-image-preview:large, max-video-preview:-1\" \/>\n<link rel=\"canonical\" href=\"https:\/\/www.vcreditos.com\/blog\/\" \/>\n<meta property=\"og:locale\" content=\"pt_BR\" \/>\n<meta property=\"og:type\" content=\"article\" \/>\n<meta property=\"og:title\" content=\"Noticias de apostas esportivas e cassinos online | Blog | VCreditos.com\" \/>\n<meta property=\"og:description\" content=\"Conhe\u00e7a as novidades do mundo das apostas esportivas e cassinos online no Brasil. Not\u00edcias da legaliza\u00e7\u00e3o dos jogos no Brasil. VCreditos a carteira virtual brasileira.\" \/>\n<meta property=\"og:url\" content=\"https:\/\/www.vcreditos.com\/blog\/\" \/>\n<meta property=\"article:publisher\" content=\"https:\/\/www.facebook.com\/vcreditos\" \/>\n<meta property=\"article:modified_time\" content=\"2018-12-11T19:03:32+00:00\" \/>\n<meta name=\"twitter:card\" content=\"summary_large_image\" \/>\n<meta name=\"twitter:site\" content=\"@vcreditos\" \/>\n<script type=\"application\/ld+json\" class=\"yoast-schema-graph\">{\"@context\":\"https:\/\/schema.org\",\"@graph\":[{\"@type\":\"Organization\",\"@id\":\"https:\/\/www.vcreditos.com\/blog\/#organization\",\"name\":\"VCreditos.com\",\"url\":\"https:\/\/www.vcreditos.com\/blog\/\",\"sameAs\":[\"https:\/\/www.facebook.com\/vcreditos\",\"https:\/\/www.instagram.com\/vcreditos.online\/\",\"https:\/\/www.youtube.com\/channel\/UCcC2egs9O-rEwmCL1sat3IA\",\"https:\/\/twitter.com\/vcreditos\"],\"logo\":{\"@type\":\"ImageObject\",\"@id\":\"https:\/\/www.vcreditos.com\/blog\/#logo\",\"inLanguage\":\"pt-BR\",\"url\":\"https:\/\/www.vcreditos.com\/blog\/wp-content\/uploads\/2020\/11\/Logo-VCreditos-1.png\",\"contentUrl\":\"https:\/\/www.vcreditos.com\/blog\/wp-content\/uploads\/2020\/11\/Logo-VCreditos-1.png\",\"width\":475,\"height\":474,\"caption\":\"VCreditos.com\"},\"image\":{\"@id\":\"https:\/\/www.vcreditos.com\/blog\/#logo\"}},{\"@type\":\"WebSite\",\"@id\":\"https:\/\/www.vcreditos.com\/blog\/#website\",\"url\":\"https:\/\/www.vcreditos.com\/blog\/\",\"name\":\"VCreditos Blog\",\"description\":\"\",\"publisher\":{\"@id\":\"https:\/\/www.vcreditos.com\/blog\/#organization\"},\"potentialAction\":[{\"@type\":\"SearchAction\",\"target\":{\"@type\":\"EntryPoint\",\"urlTemplate\":\"https:\/\/www.vcreditos.com\/blog\/?s={search_term_string}\"},\"query-input\":\"required name=search_term_string\"}],\"inLanguage\":\"pt-BR\"},{\"@type\":\"WebPage\",\"@id\":\"https:\/\/www.vcreditos.com\/blog\/#webpage\",\"url\":\"https:\/\/www.vcreditos.com\/blog\/\",\"name\":\"Noticias de apostas esportivas e cassinos online | Blog | VCreditos.com\",\"isPartOf\":{\"@id\":\"https:\/\/www.vcreditos.com\/blog\/#website\"},\"datePublished\":\"2016-01-23T09:34:31+00:00\",\"dateModified\":\"2018-12-11T19:03:32+00:00\",\"description\":\"Conhe\u00e7a as novidades do mundo das apostas esportivas e cassinos online no Brasil. Not\u00edcias da legaliza\u00e7\u00e3o dos jogos no Brasil. VCreditos a carteira virtual brasileira.\",\"breadcrumb\":{\"@id\":\"https:\/\/www.vcreditos.com\/blog\/#breadcrumb\"},\"inLanguage\":\"pt-BR\",\"potentialAction\":[{\"@type\":\"ReadAction\",\"target\":[\"https:\/\/www.vcreditos.com\/blog\/\"]}]},{\"@type\":\"BreadcrumbList\",\"@id\":\"https:\/\/www.vcreditos.com\/blog\/#breadcrumb\",\"itemListElement\":[{\"@type\":\"ListItem\",\"position\":1,\"name\":\"In\u00edcio\",\"item\":\"https:\/\/www.vcreditos.com\/blog\/\"},{\"@type\":\"ListItem\",\"position\":2,\"name\":\"Home\"}]}]}<\/script>\n<!-- \/ Yoast SEO plugin. -->","yoast_head_json":{"title":"Noticias de apostas esportivas e cassinos online | Blog | VCreditos.com","description":"Conhe\u00e7a as novidades do mundo das apostas esportivas e cassinos online no Brasil. Not\u00edcias da legaliza\u00e7\u00e3o dos jogos no Brasil. VCreditos a carteira virtual brasileira.","robots":{"index":"index","follow":"follow","max-snippet":"max-snippet:-1","max-image-preview":"max-image-preview:large","max-video-preview":"max-video-preview:-1"},"canonical":"https:\/\/www.vcreditos.com\/blog\/","og_locale":"pt_BR","og_type":"article","og_title":"Noticias de apostas esportivas e cassinos online | Blog | VCreditos.com","og_description":"Conhe\u00e7a as novidades do mundo das apostas esportivas e cassinos online no Brasil. Not\u00edcias da legaliza\u00e7\u00e3o dos jogos no Brasil. VCreditos a carteira virtual brasileira.","og_url":"https:\/\/www.vcreditos.com\/blog\/","article_publisher":"https:\/\/www.facebook.com\/vcreditos","article_modified_time":"2018-12-11T19:03:32+00:00","twitter_card":"summary_large_image","twitter_site":"@vcreditos","schema":{"@context":"https:\/\/schema.org","@graph":[{"@type":"Organization","@id":"https:\/\/www.vcreditos.com\/blog\/#organization","name":"VCreditos.com","url":"https:\/\/www.vcreditos.com\/blog\/","sameAs":["https:\/\/www.facebook.com\/vcreditos","https:\/\/www.instagram.com\/vcreditos.online\/","https:\/\/www.youtube.com\/channel\/UCcC2egs9O-rEwmCL1sat3IA","https:\/\/twitter.com\/vcreditos"],"logo":{"@type":"ImageObject","@id":"https:\/\/www.vcreditos.com\/blog\/#logo","inLanguage":"pt-BR","url":"https:\/\/www.vcreditos.com\/blog\/wp-content\/uploads\/2020\/11\/Logo-VCreditos-1.png","contentUrl":"https:\/\/www.vcreditos.com\/blog\/wp-content\/uploads\/2020\/11\/Logo-VCreditos-1.png","width":475,"height":474,"caption":"VCreditos.com"},"image":{"@id":"https:\/\/www.vcreditos.com\/blog\/#logo"}},{"@type":"WebSite","@id":"https:\/\/www.vcreditos.com\/blog\/#website","url":"https:\/\/www.vcreditos.com\/blog\/","name":"VCreditos Blog","description":"","publisher":{"@id":"https:\/\/www.vcreditos.com\/blog\/#organization"},"potentialAction":[{"@type":"SearchAction","target":{"@type":"EntryPoint","urlTemplate":"https:\/\/www.vcreditos.com\/blog\/?s={search_term_string}"},"query-input":"required name=search_term_string"}],"inLanguage":"pt-BR"},{"@type":"WebPage","@id":"https:\/\/www.vcreditos.com\/blog\/#webpage","url":"https:\/\/www.vcreditos.com\/blog\/","name":"Noticias de apostas esportivas e cassinos online | Blog | VCreditos.com","isPartOf":{"@id":"https:\/\/www.vcreditos.com\/blog\/#website"},"datePublished":"2016-01-23T09:34:31+00:00","dateModified":"2018-12-11T19:03:32+00:00","description":"Conhe\u00e7a as novidades do mundo das apostas esportivas e cassinos online no Brasil. Not\u00edcias da legaliza\u00e7\u00e3o dos jogos no Brasil. VCreditos a carteira virtual brasileira.","breadcrumb":{"@id":"https:\/\/www.vcreditos.com\/blog\/#breadcrumb"},"inLanguage":"pt-BR","potentialAction":[{"@type":"ReadAction","target":["https:\/\/www.vcreditos.com\/blog\/"]}]},{"@type":"BreadcrumbList","@id":"https:\/\/www.vcreditos.com\/blog\/#breadcrumb","itemListElement":[{"@type":"ListItem","position":1,"name":"In\u00edcio","item":"https:\/\/www.vcreditos.com\/blog\/"},{"@type":"ListItem","position":2,"name":"Home"}]}]}},"_links":{"self":[{"href":"https:\/\/www.vcreditos.com\/blog\/wp-json\/wp\/v2\/pages\/165"}],"collection":[{"href":"https:\/\/www.vcreditos.com\/blog\/wp-json\/wp\/v2\/pages"}],"about":[{"href":"https:\/\/www.vcreditos.com\/blog\/wp-json\/wp\/v2\/types\/page"}],"author":[{"embeddable":true,"href":"https:\/\/www.vcreditos.com\/blog\/wp-json\/wp\/v2\/users\/1"}],"replies":[{"embeddable":true,"href":"https:\/\/www.vcreditos.com\/blog\/wp-json\/wp\/v2\/comments?post=165"}],"version-history":[{"count":54,"href":"https:\/\/www.vcreditos.com\/blog\/wp-json\/wp\/v2\/pages\/165\/revisions"}],"predecessor-version":[{"id":2319,"href":"https:\/\/www.vcreditos.com\/blog\/wp-json\/wp\/v2\/pages\/165\/revisions\/2319"}],"wp:attachment":[{"href":"https:\/\/www.vcreditos.com\/blog\/wp-json\/wp\/v2\/media?parent=165"}],"curies":[{"name":"wp","href":"https:\/\/api.w.org\/{rel}","templated":true}]}}